{"id":326,"date":"2023-08-16T12:35:21","date_gmt":"2023-08-16T12:35:21","guid":{"rendered":"https:\/\/fahrschule-jolanda.ch\/?page_id=326"},"modified":"2023-12-07T07:58:51","modified_gmt":"2023-12-07T07:58:51","slug":"nothilfekurs-daten","status":"publish","type":"page","link":"https:\/\/fahrschule-jolanda.ch\/index.php\/nothilfekurs-daten\/","title":{"rendered":"Nothilfekurs Daten"},"content":{"rendered":"\n<div style=\"height:250px\" aria-hidden=\"true\" class=\"wp-block-spacer\"><\/div>\n\n\n\n<div class=\"wp-block-group alignfull is-layout-constrained wp-container-core-group-is-layout-56640a6e wp-block-group-is-layout-constrained\" id=\"services\" style=\"padding-top:300px;padding-bottom:0px\">\n<h2 class=\"wp-block-heading\">Wissenswertes zum Nothilfekurs<\/h2>\n\n\n\n<p><strong>Wie lange ist der Nothilfe-Ausweis g\u00fcltig?<\/strong><br>6 Jahre<\/p>\n\n\n\n<p><strong>Kann ich den <strong>Nothilfe<\/strong>kurs also bereits vor meinem 18. Geburtstag absolvieren?<\/strong><br>Ja, das kannst du.<\/p>\n\n\n\n<p><strong>Was genau lernt man im <strong>Nothilfe<\/strong>kurs?<\/strong><br>Du lernst, wie man Notsituationen richtig einsch\u00e4tzt, was an einem Unfallort zu tun ist, wie man erste Hilfe leistet und wie man mit Sofortmassnahmen Leben retten kann.<\/p>\n\n\n\n<p><strong>M\u00fcssen alle den <strong>Nothilfe<\/strong>kurs absolvieren?<br><\/strong>Der <strong>Nothilfe<\/strong>kurs ist grunds\u00e4tzlich obligatorisch. Vom Kursbesuch befreit sind \u00c4rzte, Pflegepersonal mit Diplom, Armeeangeh\u00f6rige der Sanit\u00e4t und Rettungstruppen, Zivilschutzangeh\u00f6rige mit 5-t\u00e4gigem Einf\u00fchrungskurs \u00abSanit\u00e4t\u00bb sowie alle, die bereits einen F\u00fchrerausweis der Kategorien A, A1 oder B1 besitzen.<\/p>\n\n\n\n<p><strong>Was muss ich mit dem <strong>Nothilfe<\/strong>-Ausweis tun?<br><\/strong>Aufbewahren. Du brauchst ihn, um den Lernfahrausweis beantragen zu k\u00f6nnen und f\u00fcr die Absolvierung der Theoriepr\u00fcfung.<\/p>\n\n\n\n<p><\/p>\n\n\n\n<div class=\"wp-block-columns is-layout-flex wp-container-core-columns-is-layout-28f84493 wp-block-columns-is-layout-flex\">\n<div class=\"wp-block-column is-layout-flow wp-block-column-is-layout-flow\">\n<p class=\"has-text-align-right\"><em>Preis f\u00fcr Nothilfekurs (10 Stunden)<\/em>  <strong>CHF 130.-<\/strong><\/p>\n<\/div>\n<\/div>\n\n\n\n<div style=\"height:50px\" aria-hidden=\"true\" class=\"wp-block-spacer\"><\/div>\n\n\n\n<h3 class=\"wp-block-heading\">Nothilfekurs Daten:<\/h3>\n\n\n\n<div class=\"wp-block-columns is-layout-flex wp-container-core-columns-is-layout-28f84493 wp-block-columns-is-layout-flex\">\n<div class=\"wp-block-column has-background is-layout-flow wp-block-column-is-layout-flow\" style=\"border-width:1px;background-color:#ffffff0f;padding-top:0;padding-right:var(--wp--preset--spacing--30);padding-bottom:0;padding-left:var(--wp--preset--spacing--30);flex-basis:100%\">\n<div class=\"wp-block-uagb-container uagb-block-1735f5ab alignfull uagb-is-root-container\"><div class=\"uagb-container-inner-blocks-wrap\">\n<div class=\"wp-block-uagb-container uagb-block-9dc40d24\">\n<div class=\"wp-block-columns is-layout-flex wp-container-core-columns-is-layout-28f84493 wp-block-columns-is-layout-flex\">\n<div class=\"wp-block-column is-layout-flow wp-block-column-is-layout-flow\">\n<p>Zurzeit keine Kurse verf\u00fcgbar.<\/p>\n<\/div>\n\n\n\n<div class=\"wp-block-column is-layout-flow wp-block-column-is-layout-flow\">\n<p><br><br><\/p>\n<\/div>\n\n\n\n<div class=\"wp-block-column is-layout-flow wp-block-column-is-layout-flow\">\n<div class=\"wp-block-uagb-buttons uagb-buttons__outer-wrap uagb-btn__default-btn uagb-btn-tablet__default-btn uagb-btn-mobile__default-btn uagb-block-060e26ee\"><div class=\"uagb-buttons__wrap uagb-buttons-layout-wrap\"><\/div><\/div>\n<\/div>\n<\/div>\n<\/div>\n<\/div><\/div>\n<\/div>\n<\/div>\n\n\n\n<div style=\"height:15px\" aria-hidden=\"true\" class=\"wp-block-spacer\"><\/div>\n<\/div>\n","protected":false},"excerpt":{"rendered":"<p>Wissenswertes zum Nothilfekurs Wie lange ist der Nothilfe-Ausweis g\u00fcltig?6 Jahre Kann ich den Nothilfekurs also bereits vor meinem 18. Geburtstag absolvieren?Ja, das kannst du. Was genau lernt man im Nothilfekurs?Du lernst, wie man Notsituationen richtig einsch\u00e4tzt, was an einem Unfallort zu tun ist, wie man erste Hilfe leistet und wie man mit Sofortmassnahmen Leben retten &hellip;<\/p>\n<p class=\"read-more\"> <a class=\"\" href=\"https:\/\/fahrschule-jolanda.ch\/index.php\/nothilfekurs-daten\/\"> <span class=\"screen-reader-text\">Nothilfekurs Daten<\/span> Weiterlesen &raquo;<\/a><\/p>\n","protected":false},"author":1,"featured_media":0,"parent":0,"menu_order":0,"comment_status":"closed","ping_status":"closed","template":"","meta":{"_uag_custom_page_level_css":"","site-sidebar-layout":"no-sidebar","site-content-layout":"plain-container","ast-global-header-display":"","ast-banner-title-visibility":"","ast-main-header-display":"","ast-hfb-above-header-display":"","ast-hfb-below-header-display":"","ast-hfb-mobile-header-display":"","site-post-title":"disabled","ast-breadcrumbs-content":"","ast-featured-img":"","footer-sml-layout":"","theme-transparent-header-meta":"enabled","adv-header-id-meta":"","stick-header-meta":"","header-above-stick-meta":"","header-main-stick-meta":"","header-below-stick-meta":"","footnotes":""},"class_list":["post-326","page","type-page","status-publish","hentry"],"yoast_head":"<!-- This site is optimized with the Yoast SEO plugin v20.11 - https:\/\/yoast.com\/wordpress\/plugins\/seo\/ -->\n<title>Nothilfekurs Daten -<\/title>\n<meta name=\"description\" content=\"Fahrschule Kategorie B, VKU Kurse, Nothelferkurse, Nothilfekurse, Langenthal und Umgebung\" \/>\n<meta name=\"robots\" content=\"index, follow, max-snippet:-1, max-image-preview:large, max-video-preview:-1\" \/>\n<link rel=\"canonical\" href=\"https:\/\/fahrschule-jolanda.ch\/index.php\/nothilfekurs-daten\/\" \/>\n<meta property=\"og:locale\" content=\"de_DE\" \/>\n<meta property=\"og:type\" content=\"article\" \/>\n<meta property=\"og:title\" content=\"Nothilfekurs Daten -\" \/>\n<meta property=\"og:description\" content=\"Fahrschule Kategorie B, VKU Kurse, Nothelferkurse, Nothilfekurse, Langenthal und Umgebung\" \/>\n<meta property=\"og:url\" content=\"https:\/\/fahrschule-jolanda.ch\/index.php\/nothilfekurs-daten\/\" \/>\n<meta property=\"article:publisher\" content=\"https:\/\/www.facebook.com\/profile.php?id=100069170550453\" \/>\n<meta property=\"article:modified_time\" content=\"2023-12-07T07:58:51+00:00\" \/>\n<meta name=\"twitter:card\" content=\"summary_large_image\" \/>\n<meta name=\"twitter:label1\" content=\"Gesch\u00e4tzte Lesezeit\" \/>\n\t<meta name=\"twitter:data1\" content=\"1\u00a0Minute\" \/>\n<script type=\"application\/ld+json\" class=\"yoast-schema-graph\">{\"@context\":\"https:\/\/schema.org\",\"@graph\":[{\"@type\":\"WebPage\",\"@id\":\"https:\/\/fahrschule-jolanda.ch\/index.php\/nothilfekurs-daten\/\",\"url\":\"https:\/\/fahrschule-jolanda.ch\/index.php\/nothilfekurs-daten\/\",\"name\":\"Nothilfekurs Daten -\",\"isPartOf\":{\"@id\":\"https:\/\/fahrschule-jolanda.ch\/#website\"},\"datePublished\":\"2023-08-16T12:35:21+00:00\",\"dateModified\":\"2023-12-07T07:58:51+00:00\",\"description\":\"Fahrschule Kategorie B, VKU Kurse, Nothelferkurse, Nothilfekurse, Langenthal und Umgebung\",\"breadcrumb\":{\"@id\":\"https:\/\/fahrschule-jolanda.ch\/index.php\/nothilfekurs-daten\/#breadcrumb\"},\"inLanguage\":\"de-CH\",\"potentialAction\":[{\"@type\":\"ReadAction\",\"target\":[\"https:\/\/fahrschule-jolanda.ch\/index.php\/nothilfekurs-daten\/\"]}]},{\"@type\":\"BreadcrumbList\",\"@id\":\"https:\/\/fahrschule-jolanda.ch\/index.php\/nothilfekurs-daten\/#breadcrumb\",\"itemListElement\":[{\"@type\":\"ListItem\",\"position\":1,\"name\":\"Startseite\",\"item\":\"https:\/\/fahrschule-jolanda.ch\/\"},{\"@type\":\"ListItem\",\"position\":2,\"name\":\"Nothilfekurs Daten\"}]},{\"@type\":\"WebSite\",\"@id\":\"https:\/\/fahrschule-jolanda.ch\/#website\",\"url\":\"https:\/\/fahrschule-jolanda.ch\/\",\"name\":\"fahrschule-jolanda.ch\",\"description\":\"I ha Geduld und du hesch Zyt, so bisch gli pr\u00fc\u00e4figsfit.\",\"publisher\":{\"@id\":\"https:\/\/fahrschule-jolanda.ch\/#organization\"},\"alternateName\":\"Fahrschule Jolanda R\u00e4z\",\"potentialAction\":[{\"@type\":\"SearchAction\",\"target\":{\"@type\":\"EntryPoint\",\"urlTemplate\":\"https:\/\/fahrschule-jolanda.ch\/?s={search_term_string}\"},\"query-input\":\"required name=search_term_string\"}],\"inLanguage\":\"de-CH\"},{\"@type\":\"Organization\",\"@id\":\"https:\/\/fahrschule-jolanda.ch\/#organization\",\"name\":\"Fahrschule Jolanda R\u00e4z\",\"url\":\"https:\/\/fahrschule-jolanda.ch\/\",\"logo\":{\"@type\":\"ImageObject\",\"inLanguage\":\"de-CH\",\"@id\":\"https:\/\/fahrschule-jolanda.ch\/#\/schema\/logo\/image\/\",\"url\":\"https:\/\/fahrschule-jolanda.ch\/wp-content\/uploads\/2023\/07\/Logo_weiss.png\",\"contentUrl\":\"https:\/\/fahrschule-jolanda.ch\/wp-content\/uploads\/2023\/07\/Logo_weiss.png\",\"width\":2122,\"height\":1210,\"caption\":\"Fahrschule Jolanda R\u00e4z\"},\"image\":{\"@id\":\"https:\/\/fahrschule-jolanda.ch\/#\/schema\/logo\/image\/\"},\"sameAs\":[\"https:\/\/www.facebook.com\/profile.php?id=100069170550453\"]}]}<\/script>\n<!-- \/ Yoast SEO plugin. -->","yoast_head_json":{"title":"Nothilfekurs Daten -","description":"Fahrschule Kategorie B, VKU Kurse, Nothelferkurse, Nothilfekurse, Langenthal und Umgebung","robots":{"index":"index","follow":"follow","max-snippet":"max-snippet:-1","max-image-preview":"max-image-preview:large","max-video-preview":"max-video-preview:-1"},"canonical":"https:\/\/fahrschule-jolanda.ch\/index.php\/nothilfekurs-daten\/","og_locale":"de_DE","og_type":"article","og_title":"Nothilfekurs Daten -","og_description":"Fahrschule Kategorie B, VKU Kurse, Nothelferkurse, Nothilfekurse, Langenthal und Umgebung","og_url":"https:\/\/fahrschule-jolanda.ch\/index.php\/nothilfekurs-daten\/","article_publisher":"https:\/\/www.facebook.com\/profile.php?id=100069170550453","article_modified_time":"2023-12-07T07:58:51+00:00","twitter_card":"summary_large_image","twitter_misc":{"Gesch\u00e4tzte Lesezeit":"1\u00a0Minute"},"schema":{"@context":"https:\/\/schema.org","@graph":[{"@type":"WebPage","@id":"https:\/\/fahrschule-jolanda.ch\/index.php\/nothilfekurs-daten\/","url":"https:\/\/fahrschule-jolanda.ch\/index.php\/nothilfekurs-daten\/","name":"Nothilfekurs Daten -","isPartOf":{"@id":"https:\/\/fahrschule-jolanda.ch\/#website"},"datePublished":"2023-08-16T12:35:21+00:00","dateModified":"2023-12-07T07:58:51+00:00","description":"Fahrschule Kategorie B, VKU Kurse, Nothelferkurse, Nothilfekurse, Langenthal und Umgebung","breadcrumb":{"@id":"https:\/\/fahrschule-jolanda.ch\/index.php\/nothilfekurs-daten\/#breadcrumb"},"inLanguage":"de-CH","potentialAction":[{"@type":"ReadAction","target":["https:\/\/fahrschule-jolanda.ch\/index.php\/nothilfekurs-daten\/"]}]},{"@type":"BreadcrumbList","@id":"https:\/\/fahrschule-jolanda.ch\/index.php\/nothilfekurs-daten\/#breadcrumb","itemListElement":[{"@type":"ListItem","position":1,"name":"Startseite","item":"https:\/\/fahrschule-jolanda.ch\/"},{"@type":"ListItem","position":2,"name":"Nothilfekurs Daten"}]},{"@type":"WebSite","@id":"https:\/\/fahrschule-jolanda.ch\/#website","url":"https:\/\/fahrschule-jolanda.ch\/","name":"fahrschule-jolanda.ch","description":"I ha Geduld und du hesch Zyt, so bisch gli pr\u00fc\u00e4figsfit.","publisher":{"@id":"https:\/\/fahrschule-jolanda.ch\/#organization"},"alternateName":"Fahrschule Jolanda R\u00e4z","potentialAction":[{"@type":"SearchAction","target":{"@type":"EntryPoint","urlTemplate":"https:\/\/fahrschule-jolanda.ch\/?s={search_term_string}"},"query-input":"required name=search_term_string"}],"inLanguage":"de-CH"},{"@type":"Organization","@id":"https:\/\/fahrschule-jolanda.ch\/#organization","name":"Fahrschule Jolanda R\u00e4z","url":"https:\/\/fahrschule-jolanda.ch\/","logo":{"@type":"ImageObject","inLanguage":"de-CH","@id":"https:\/\/fahrschule-jolanda.ch\/#\/schema\/logo\/image\/","url":"https:\/\/fahrschule-jolanda.ch\/wp-content\/uploads\/2023\/07\/Logo_weiss.png","contentUrl":"https:\/\/fahrschule-jolanda.ch\/wp-content\/uploads\/2023\/07\/Logo_weiss.png","width":2122,"height":1210,"caption":"Fahrschule Jolanda R\u00e4z"},"image":{"@id":"https:\/\/fahrschule-jolanda.ch\/#\/schema\/logo\/image\/"},"sameAs":["https:\/\/www.facebook.com\/profile.php?id=100069170550453"]}]}},"uagb_featured_image_src":{"full":false,"thumbnail":false,"medium":false,"medium_large":false,"large":false,"1536x1536":false,"2048x2048":false},"uagb_author_info":{"display_name":"admin","author_link":"https:\/\/fahrschule-jolanda.ch\/index.php\/author\/fahrschule_jolanda\/"},"uagb_comment_info":0,"uagb_excerpt":"Wissenswertes zum Nothilfekurs Wie lange ist der Nothilfe-Ausweis g\u00fcltig?6 Jahre Kann ich den Nothilfekurs also bereits vor meinem 18. Geburtstag absolvieren?Ja, das kannst du. Was genau lernt man im Nothilfekurs?Du lernst, wie man Notsituationen richtig einsch\u00e4tzt, was an einem Unfallort zu tun ist, wie man erste Hilfe leistet und wie man mit Sofortmassnahmen Leben retten&hellip;","_links":{"self":[{"href":"https:\/\/fahrschule-jolanda.ch\/index.php\/wp-json\/wp\/v2\/pages\/326","targetHints":{"allow":["GET"]}}],"collection":[{"href":"https:\/\/fahrschule-jolanda.ch\/index.php\/wp-json\/wp\/v2\/pages"}],"about":[{"href":"https:\/\/fahrschule-jolanda.ch\/index.php\/wp-json\/wp\/v2\/types\/page"}],"author":[{"embeddable":true,"href":"https:\/\/fahrschule-jolanda.ch\/index.php\/wp-json\/wp\/v2\/users\/1"}],"replies":[{"embeddable":true,"href":"https:\/\/fahrschule-jolanda.ch\/index.php\/wp-json\/wp\/v2\/comments?post=326"}],"version-history":[{"count":8,"href":"https:\/\/fahrschule-jolanda.ch\/index.php\/wp-json\/wp\/v2\/pages\/326\/revisions"}],"predecessor-version":[{"id":420,"href":"https:\/\/fahrschule-jolanda.ch\/index.php\/wp-json\/wp\/v2\/pages\/326\/revisions\/420"}],"wp:attachment":[{"href":"https:\/\/fahrschule-jolanda.ch\/index.php\/wp-json\/wp\/v2\/media?parent=326"}],"curies":[{"name":"wp","href":"https:\/\/api.w.org\/{rel}","templated":true}]}}