{"id":191,"date":"2023-07-26T13:36:44","date_gmt":"2023-07-26T13:36:44","guid":{"rendered":"https:\/\/fahrschule-jolanda.ch\/?page_id=191"},"modified":"2023-09-05T12:27:00","modified_gmt":"2023-09-05T12:27:00","slug":"ueber-mich","status":"publish","type":"page","link":"https:\/\/fahrschule-jolanda.ch\/index.php\/ueber-mich\/","title":{"rendered":"\u00dcber mich"},"content":{"rendered":"\n<div class=\"wp-block-group alignfull is-layout-constrained wp-container-core-group-is-layout-56640a6e wp-block-group-is-layout-constrained\" id=\"services\" style=\"padding-top:300px;padding-bottom:0px\">\n<p><\/p>\n\n\n\n<div style=\"height:125px\" aria-hidden=\"true\" class=\"wp-block-spacer\"><\/div>\n\n\n\n<div class=\"wp-block-uagb-team uagb-team__image-position-left uagb-team__align-left uagb-team__stack-tablet uagb-block-e8d21ed6\"><img decoding=\"async\" class=\"uagb-team__image-crop-circle\" src=\"https:\/\/fahrschule-jolanda.ch\/wp-content\/uploads\/2023\/08\/Jolanda.jpg\" alt=\"\" height=\"279\" width=\"279\" loading=\"lazy\"\/><div class=\"uagb-team__content\"><h3 class=\"uagb-team__title\"><br>Jolanda R\u00e4z<\/h3><span class=\"uagb-team__prefix\">Fahrlehrerin EFZ<\/span><p class=\"uagb-team__desc\"><\/p><ul class=\"uagb-team__social-list\"><li class=\"uagb-team__social-icon\"><a href=\"https:\/\/www.facebook.com\/profile.php?id=100069170550453\" aria-label=\"facebook\" target=\"_self\" title=\"\" rel=\"noopener noreferrer\"><svg xmlns=\"https:\/\/www.w3.org\/2000\/svg\" viewBox=\"0 0 512 512\"><path d=\"M504 256C504 119 393 8 256 8S8 119 8 256c0 123.8 90.69 226.4 209.3 245V327.7h-63V256h63v-54.64c0-62.15 37-96.48 93.67-96.48 27.14 0 55.52 4.84 55.52 4.84v61h-31.28c-30.8 0-40.41 19.12-40.41 38.73V256h68.78l-11 71.69h-57.78V501C413.3 482.4 504 379.8 504 256z\"><\/path><\/svg><\/a><\/li><\/ul><\/div><\/div>\n\n\n\n<div style=\"height:100px\" aria-hidden=\"true\" class=\"wp-block-spacer\"><\/div>\n\n\n\n<p>Deine Fahrlehrerin in Langenthal und Umgebung ist Mutter zweier S\u00f6hne die bereits erwachsen sind und ich mache gerne Guggenmusik und spiele aber auch Schwyzer\u00f6rgeli. Bin aktiv bei den Rettungsschwimmer dabei und arbeite nebst der Fahrschule noch als Bademeisterin.<\/p>\n\n\n\n<p>Seit April 2023 bin ich in der Selbstst\u00e4ndigkeit als Fahrlehrerin Kat. B. Ich erteile Nothilfekurse f\u00fcr F\u00fchrerscheinerwerbende und gebe VKU Kurse in Herzogenbuchsee an der Bahnhofstrasse 1. Als Referentin erteile ich bei &#171;dieFAHRERmacher\u00ae  Lastwagen- und Carfahrschule&#187; in Herzogenbuchsee zus\u00e4tzlich CZV Nothilfe f\u00fcr Berufschauffeure. Zus\u00e4tzlich bin ich im Besitze der F\u00fchrerscheine Kat. C Lastwagen und Kat. D Gesellschaftswagen, sowie des Motorrad F\u00fchrerscheins.<\/p>\n\n\n\n<p>Es bereitet mir grosse Freude, wenn ich junge und \u00e4ltere Menschen auf dem Weg zum F\u00fchrerschein begleiten darf. Das Ziel ist nat\u00fcrlich immer, dass ich sie auf dem f\u00fcr sie schnellsten Weg zur Pr\u00fcfung bringen kann und weiss, dass sie wirklich das K\u00f6nnen haben, nun unbegleitet am Strassenverkehr teilzunehmen.<\/p>\n\n\n\n<p>Ich bin eine sehr geduldige und verst\u00e4ndnisvolle Person, was ein grosser Vorteil ist in meinem Fahrunterricht.<\/p>\n\n\n\n<p>Ich freue mich jetzt schon, Dich in meiner Fahrschule begr\u00fcssen zu d\u00fcrfen.<\/p>\n\n\n\n<div style=\"height:100px\" aria-hidden=\"true\" class=\"wp-block-spacer\"><\/div>\n<\/div>\n","protected":false},"excerpt":{"rendered":"<p>Deine Fahrlehrerin in Langenthal und Umgebung ist Mutter zweier S\u00f6hne die bereits erwachsen sind und ich mache gerne Guggenmusik und spiele aber auch Schwyzer\u00f6rgeli. Bin aktiv bei den Rettungsschwimmer dabei und arbeite nebst der Fahrschule noch als Bademeisterin. Seit April 2023 bin ich in der Selbstst\u00e4ndigkeit als Fahrlehrerin Kat. B. Ich erteile Nothilfekurse f\u00fcr F\u00fchrerscheinerwerbende &hellip;<\/p>\n<p class=\"read-more\"> <a class=\"\" href=\"https:\/\/fahrschule-jolanda.ch\/index.php\/ueber-mich\/\"> <span class=\"screen-reader-text\">\u00dcber mich<\/span> Weiterlesen &raquo;<\/a><\/p>\n","protected":false},"author":1,"featured_media":0,"parent":0,"menu_order":0,"comment_status":"closed","ping_status":"closed","template":"","meta":{"_uag_custom_page_level_css":"","site-sidebar-layout":"no-sidebar","site-content-layout":"plain-container","ast-global-header-display":"","ast-banner-title-visibility":"","ast-main-header-display":"","ast-hfb-above-header-display":"","ast-hfb-below-header-display":"","ast-hfb-mobile-header-display":"","site-post-title":"disabled","ast-breadcrumbs-content":"","ast-featured-img":"","footer-sml-layout":"","theme-transparent-header-meta":"enabled","adv-header-id-meta":"","stick-header-meta":"","header-above-stick-meta":"","header-main-stick-meta":"","header-below-stick-meta":"","footnotes":""},"class_list":["post-191","page","type-page","status-publish","hentry"],"yoast_head":"<!-- This site is optimized with the Yoast SEO plugin v20.11 - https:\/\/yoast.com\/wordpress\/plugins\/seo\/ -->\n<title>\u00dcber mich -<\/title>\n<meta name=\"description\" content=\"Fahrschule Kategorie B, VKU Kurse, Nothelferkurse, Nothilfekurse, Langenthal und Umgebung\" \/>\n<meta name=\"robots\" content=\"index, follow, max-snippet:-1, max-image-preview:large, max-video-preview:-1\" \/>\n<link rel=\"canonical\" href=\"https:\/\/fahrschule-jolanda.ch\/index.php\/ueber-mich\/\" \/>\n<meta property=\"og:locale\" content=\"de_DE\" \/>\n<meta property=\"og:type\" content=\"article\" \/>\n<meta property=\"og:title\" content=\"\u00dcber mich -\" \/>\n<meta property=\"og:description\" content=\"Fahrschule Kategorie B, VKU Kurse, Nothelferkurse, Nothilfekurse, Langenthal und Umgebung\" \/>\n<meta property=\"og:url\" content=\"https:\/\/fahrschule-jolanda.ch\/index.php\/ueber-mich\/\" \/>\n<meta property=\"article:publisher\" content=\"https:\/\/www.facebook.com\/profile.php?id=100069170550453\" \/>\n<meta property=\"article:modified_time\" content=\"2023-09-05T12:27:00+00:00\" \/>\n<meta property=\"og:image\" content=\"https:\/\/fahrschule-jolanda.ch\/wp-content\/uploads\/2023\/08\/Jolanda.jpg\" \/>\n<meta name=\"twitter:card\" content=\"summary_large_image\" \/>\n<meta name=\"twitter:label1\" content=\"Gesch\u00e4tzte Lesezeit\" \/>\n\t<meta name=\"twitter:data1\" content=\"2\u00a0Minuten\" \/>\n<script type=\"application\/ld+json\" class=\"yoast-schema-graph\">{\"@context\":\"https:\/\/schema.org\",\"@graph\":[{\"@type\":\"WebPage\",\"@id\":\"https:\/\/fahrschule-jolanda.ch\/index.php\/ueber-mich\/\",\"url\":\"https:\/\/fahrschule-jolanda.ch\/index.php\/ueber-mich\/\",\"name\":\"\u00dcber mich -\",\"isPartOf\":{\"@id\":\"https:\/\/fahrschule-jolanda.ch\/#website\"},\"datePublished\":\"2023-07-26T13:36:44+00:00\",\"dateModified\":\"2023-09-05T12:27:00+00:00\",\"description\":\"Fahrschule Kategorie B, VKU Kurse, Nothelferkurse, Nothilfekurse, Langenthal und Umgebung\",\"breadcrumb\":{\"@id\":\"https:\/\/fahrschule-jolanda.ch\/index.php\/ueber-mich\/#breadcrumb\"},\"inLanguage\":\"de-CH\",\"potentialAction\":[{\"@type\":\"ReadAction\",\"target\":[\"https:\/\/fahrschule-jolanda.ch\/index.php\/ueber-mich\/\"]}]},{\"@type\":\"BreadcrumbList\",\"@id\":\"https:\/\/fahrschule-jolanda.ch\/index.php\/ueber-mich\/#breadcrumb\",\"itemListElement\":[{\"@type\":\"ListItem\",\"position\":1,\"name\":\"Startseite\",\"item\":\"https:\/\/fahrschule-jolanda.ch\/\"},{\"@type\":\"ListItem\",\"position\":2,\"name\":\"\u00dcber mich\"}]},{\"@type\":\"WebSite\",\"@id\":\"https:\/\/fahrschule-jolanda.ch\/#website\",\"url\":\"https:\/\/fahrschule-jolanda.ch\/\",\"name\":\"fahrschule-jolanda.ch\",\"description\":\"I ha Geduld und du hesch Zyt, so bisch gli pr\u00fc\u00e4figsfit.\",\"publisher\":{\"@id\":\"https:\/\/fahrschule-jolanda.ch\/#organization\"},\"alternateName\":\"Fahrschule Jolanda R\u00e4z\",\"potentialAction\":[{\"@type\":\"SearchAction\",\"target\":{\"@type\":\"EntryPoint\",\"urlTemplate\":\"https:\/\/fahrschule-jolanda.ch\/?s={search_term_string}\"},\"query-input\":\"required name=search_term_string\"}],\"inLanguage\":\"de-CH\"},{\"@type\":\"Organization\",\"@id\":\"https:\/\/fahrschule-jolanda.ch\/#organization\",\"name\":\"Fahrschule Jolanda R\u00e4z\",\"url\":\"https:\/\/fahrschule-jolanda.ch\/\",\"logo\":{\"@type\":\"ImageObject\",\"inLanguage\":\"de-CH\",\"@id\":\"https:\/\/fahrschule-jolanda.ch\/#\/schema\/logo\/image\/\",\"url\":\"https:\/\/fahrschule-jolanda.ch\/wp-content\/uploads\/2023\/07\/Logo_weiss.png\",\"contentUrl\":\"https:\/\/fahrschule-jolanda.ch\/wp-content\/uploads\/2023\/07\/Logo_weiss.png\",\"width\":2122,\"height\":1210,\"caption\":\"Fahrschule Jolanda R\u00e4z\"},\"image\":{\"@id\":\"https:\/\/fahrschule-jolanda.ch\/#\/schema\/logo\/image\/\"},\"sameAs\":[\"https:\/\/www.facebook.com\/profile.php?id=100069170550453\"]}]}<\/script>\n<!-- \/ Yoast SEO plugin. -->","yoast_head_json":{"title":"\u00dcber mich -","description":"Fahrschule Kategorie B, VKU Kurse, Nothelferkurse, Nothilfekurse, Langenthal und Umgebung","robots":{"index":"index","follow":"follow","max-snippet":"max-snippet:-1","max-image-preview":"max-image-preview:large","max-video-preview":"max-video-preview:-1"},"canonical":"https:\/\/fahrschule-jolanda.ch\/index.php\/ueber-mich\/","og_locale":"de_DE","og_type":"article","og_title":"\u00dcber mich -","og_description":"Fahrschule Kategorie B, VKU Kurse, Nothelferkurse, Nothilfekurse, Langenthal und Umgebung","og_url":"https:\/\/fahrschule-jolanda.ch\/index.php\/ueber-mich\/","article_publisher":"https:\/\/www.facebook.com\/profile.php?id=100069170550453","article_modified_time":"2023-09-05T12:27:00+00:00","og_image":[{"url":"https:\/\/fahrschule-jolanda.ch\/wp-content\/uploads\/2023\/08\/Jolanda.jpg"}],"twitter_card":"summary_large_image","twitter_misc":{"Gesch\u00e4tzte Lesezeit":"2\u00a0Minuten"},"schema":{"@context":"https:\/\/schema.org","@graph":[{"@type":"WebPage","@id":"https:\/\/fahrschule-jolanda.ch\/index.php\/ueber-mich\/","url":"https:\/\/fahrschule-jolanda.ch\/index.php\/ueber-mich\/","name":"\u00dcber mich -","isPartOf":{"@id":"https:\/\/fahrschule-jolanda.ch\/#website"},"datePublished":"2023-07-26T13:36:44+00:00","dateModified":"2023-09-05T12:27:00+00:00","description":"Fahrschule Kategorie B, VKU Kurse, Nothelferkurse, Nothilfekurse, Langenthal und Umgebung","breadcrumb":{"@id":"https:\/\/fahrschule-jolanda.ch\/index.php\/ueber-mich\/#breadcrumb"},"inLanguage":"de-CH","potentialAction":[{"@type":"ReadAction","target":["https:\/\/fahrschule-jolanda.ch\/index.php\/ueber-mich\/"]}]},{"@type":"BreadcrumbList","@id":"https:\/\/fahrschule-jolanda.ch\/index.php\/ueber-mich\/#breadcrumb","itemListElement":[{"@type":"ListItem","position":1,"name":"Startseite","item":"https:\/\/fahrschule-jolanda.ch\/"},{"@type":"ListItem","position":2,"name":"\u00dcber mich"}]},{"@type":"WebSite","@id":"https:\/\/fahrschule-jolanda.ch\/#website","url":"https:\/\/fahrschule-jolanda.ch\/","name":"fahrschule-jolanda.ch","description":"I ha Geduld und du hesch Zyt, so bisch gli pr\u00fc\u00e4figsfit.","publisher":{"@id":"https:\/\/fahrschule-jolanda.ch\/#organization"},"alternateName":"Fahrschule Jolanda R\u00e4z","potentialAction":[{"@type":"SearchAction","target":{"@type":"EntryPoint","urlTemplate":"https:\/\/fahrschule-jolanda.ch\/?s={search_term_string}"},"query-input":"required name=search_term_string"}],"inLanguage":"de-CH"},{"@type":"Organization","@id":"https:\/\/fahrschule-jolanda.ch\/#organization","name":"Fahrschule Jolanda R\u00e4z","url":"https:\/\/fahrschule-jolanda.ch\/","logo":{"@type":"ImageObject","inLanguage":"de-CH","@id":"https:\/\/fahrschule-jolanda.ch\/#\/schema\/logo\/image\/","url":"https:\/\/fahrschule-jolanda.ch\/wp-content\/uploads\/2023\/07\/Logo_weiss.png","contentUrl":"https:\/\/fahrschule-jolanda.ch\/wp-content\/uploads\/2023\/07\/Logo_weiss.png","width":2122,"height":1210,"caption":"Fahrschule Jolanda R\u00e4z"},"image":{"@id":"https:\/\/fahrschule-jolanda.ch\/#\/schema\/logo\/image\/"},"sameAs":["https:\/\/www.facebook.com\/profile.php?id=100069170550453"]}]}},"uagb_featured_image_src":{"full":false,"thumbnail":false,"medium":false,"medium_large":false,"large":false,"1536x1536":false,"2048x2048":false},"uagb_author_info":{"display_name":"admin","author_link":"https:\/\/fahrschule-jolanda.ch\/index.php\/author\/fahrschule_jolanda\/"},"uagb_comment_info":0,"uagb_excerpt":"Deine Fahrlehrerin in Langenthal und Umgebung ist Mutter zweier S\u00f6hne die bereits erwachsen sind und ich mache gerne Guggenmusik und spiele aber auch Schwyzer\u00f6rgeli. Bin aktiv bei den Rettungsschwimmer dabei und arbeite nebst der Fahrschule noch als Bademeisterin. Seit April 2023 bin ich in der Selbstst\u00e4ndigkeit als Fahrlehrerin Kat. B. Ich erteile Nothilfekurse f\u00fcr F\u00fchrerscheinerwerbende&hellip;","_links":{"self":[{"href":"https:\/\/fahrschule-jolanda.ch\/index.php\/wp-json\/wp\/v2\/pages\/191","targetHints":{"allow":["GET"]}}],"collection":[{"href":"https:\/\/fahrschule-jolanda.ch\/index.php\/wp-json\/wp\/v2\/pages"}],"about":[{"href":"https:\/\/fahrschule-jolanda.ch\/index.php\/wp-json\/wp\/v2\/types\/page"}],"author":[{"embeddable":true,"href":"https:\/\/fahrschule-jolanda.ch\/index.php\/wp-json\/wp\/v2\/users\/1"}],"replies":[{"embeddable":true,"href":"https:\/\/fahrschule-jolanda.ch\/index.php\/wp-json\/wp\/v2\/comments?post=191"}],"version-history":[{"count":8,"href":"https:\/\/fahrschule-jolanda.ch\/index.php\/wp-json\/wp\/v2\/pages\/191\/revisions"}],"predecessor-version":[{"id":399,"href":"https:\/\/fahrschule-jolanda.ch\/index.php\/wp-json\/wp\/v2\/pages\/191\/revisions\/399"}],"wp:attachment":[{"href":"https:\/\/fahrschule-jolanda.ch\/index.php\/wp-json\/wp\/v2\/media?parent=191"}],"curies":[{"name":"wp","href":"https:\/\/api.w.org\/{rel}","templated":true}]}}