{"id":144,"date":"2023-07-26T09:44:13","date_gmt":"2023-07-26T09:44:13","guid":{"rendered":"https:\/\/fahrschule-jolanda.ch\/?page_id=144"},"modified":"2023-08-16T12:49:44","modified_gmt":"2023-08-16T12:49:44","slug":"der-weg-zum-fuehrerschein","status":"publish","type":"page","link":"https:\/\/fahrschule-jolanda.ch\/index.php\/der-weg-zum-fuehrerschein\/","title":{"rendered":"Der Weg zum F\u00fchrerschein"},"content":{"rendered":"\n<div style=\"height:400px\" aria-hidden=\"true\" class=\"wp-block-spacer\"><\/div>\n\n\n\n<div class=\"wp-block-uagb-advanced-heading uagb-block-ad75a0b9\"><h2 class=\"uagb-heading-text\">Der Weg zum F\u00fchrerschein<\/h2><\/div>\n\n\n\n<div class=\"wp-block-uagb-container uagb-block-91c28030 alignfull uagb-is-root-container\"><div class=\"uagb-container-inner-blocks-wrap\">\n<div class=\"wp-block-uagb-container uagb-block-0b125dd9\">\n<div class=\"wp-block-uagb-icon uagb-block-b8ab9fdc uagb-icon-wrapper\"><span class=\"uagb-svg-wrapper\"><svg xmlns=\"https:\/\/www.w3.org\/2000\/svg\" viewBox=\"0 0 256 512\"><path d=\"M256 448c0 17.67-14.33 32-32 32H32c-17.67 0-32-14.33-32-32s14.33-32 32-32h64V123.8L49.75 154.6C35.02 164.5 15.19 160.4 5.375 145.8C-4.422 131.1-.4531 111.2 14.25 101.4l96-64c9.828-6.547 22.45-7.187 32.84-1.594C153.5 41.37 160 52.22 160 64.01v352h64C241.7 416 256 430.3 256 448z\"><\/path><\/svg><\/span><\/div>\n<\/div>\n\n\n\n<div class=\"wp-block-uagb-container uagb-block-5c62f5ab\">\n<p><strong>Nothilfekurs buchen<\/strong><br>Der Nothilfekurs dauert 10 Lektionen. Der Nothilfeausweis ist 6 Jahre g\u00fcltig.<\/p>\n<\/div>\n\n\n\n<div class=\"wp-block-uagb-container uagb-block-2f857a12\">\n<div class=\"wp-block-buttons is-layout-flex wp-block-buttons-is-layout-flex\">\n<div class=\"wp-block-button has-custom-width wp-block-button__width-100\"><a class=\"wp-block-button__link wp-element-button\" href=\"https:\/\/fahrschule-jolanda.ch\/index.php\/nothilfekurs-daten\/\">Nothelferkurs buchen<\/a><\/div>\n<\/div>\n<\/div>\n<\/div><\/div>\n\n\n\n<div class=\"wp-block-uagb-container uagb-block-6b3e9cfc alignfull uagb-is-root-container\"><div class=\"uagb-container-inner-blocks-wrap\">\n<div class=\"wp-block-uagb-container uagb-block-ae5cd489\">\n<div class=\"wp-block-uagb-icon uagb-block-8f5572fa uagb-icon-wrapper\"><span class=\"uagb-svg-wrapper\"><svg xmlns=\"https:\/\/www.w3.org\/2000\/svg\" viewBox=\"0 0 320 512\"><path d=\"M320 448c0 17.67-14.33 32-32 32H32c-13.08 0-24.83-7.953-29.7-20.09c-4.859-12.12-1.859-26 7.594-35.03l193.6-185.1c31.36-30.17 33.95-80 5.812-113.4c-14.91-17.69-35.86-28.12-58.97-29.38C127.4 95.83 105.3 103.9 88.53 119.9L53.52 151.7c-13.08 11.91-33.33 10.89-45.2-2.172C-3.563 136.5-2.594 116.2 10.48 104.3l34.45-31.3c28.67-27.34 68.39-42.11 108.9-39.88c40.33 2.188 78.39 21.16 104.4 52.03c49.8 59.05 45.2 147.3-10.45 200.8l-136 130H288C305.7 416 320 430.3 320 448z\"><\/path><\/svg><\/span><\/div>\n<\/div>\n\n\n\n<div class=\"wp-block-uagb-container uagb-block-15266d7c\">\n<p><strong>Lernfahrausweis beantragen:<\/strong><br>Beantrage beim Strassenverkehrsamt den Lernfahrausweis Kategorie B<\/p>\n<\/div>\n\n\n\n<div class=\"wp-block-uagb-container uagb-block-ee77dca4\">\n<div class=\"wp-block-buttons is-layout-flex wp-block-buttons-is-layout-flex\">\n<div class=\"wp-block-button has-custom-width wp-block-button__width-100\"><a class=\"wp-block-button__link wp-element-button\" href=\"https:\/\/www.edocinternet.apps.be.ch\/edocinternet\/edoc\/\" target=\"_blank\" rel=\"noreferrer noopener\">online Gesuch Lernfahrausweis<\/a><\/div>\n<\/div>\n<\/div>\n<\/div><\/div>\n\n\n\n<div class=\"wp-block-uagb-container uagb-block-a1f0c184 alignfull uagb-is-root-container\"><div class=\"uagb-container-inner-blocks-wrap\">\n<div class=\"wp-block-uagb-container uagb-block-e2399e72\">\n<div class=\"wp-block-uagb-icon uagb-block-c03deda3 uagb-icon-wrapper\"><span class=\"uagb-svg-wrapper\"><svg xmlns=\"https:\/\/www.w3.org\/2000\/svg\" viewBox=\"0 0 320 512\"><path d=\"M320 344c0 74.98-61.02 136-136 136H103.6c-46.34 0-87.31-29.53-101.1-73.48c-5.594-16.77 3.484-34.88 20.25-40.47c16.75-5.609 34.89 3.484 40.47 20.25c5.922 17.77 22.48 29.7 41.23 29.7H184c39.7 0 72-32.3 72-72s-32.3-72-72-72H80c-13.2 0-25.05-8.094-29.83-20.41C45.39 239.3 48.66 225.3 58.38 216.4l131.4-120.4H32c-17.67 0-32-14.33-32-32s14.33-32 32-32h240c13.2 0 25.05 8.094 29.83 20.41c4.781 12.3 1.516 26.27-8.203 35.19l-131.4 120.4H184C258.1 208 320 269 320 344z\"><\/path><\/svg><\/span><\/div>\n<\/div>\n\n\n\n<div class=\"wp-block-uagb-container uagb-block-f03f7de5\">\n<p><strong>Sehtest:<\/strong><br>Mit dem Beantragungsformular zum Optiker um den Sehtest einzutragen, wenn du den Sehtest schon gemacht hast, den Ausdruck dazu legen und mit einschicken.<\/p>\n<\/div>\n\n\n\n<div class=\"wp-block-uagb-container uagb-block-3f3e8717\"><\/div>\n<\/div><\/div>\n\n\n\n<div class=\"wp-block-uagb-container uagb-block-17a36a1f alignfull uagb-is-root-container\"><div class=\"uagb-container-inner-blocks-wrap\">\n<div class=\"wp-block-uagb-container uagb-block-649d3792\">\n<div class=\"wp-block-uagb-icon uagb-block-134785f9 uagb-icon-wrapper\"><span class=\"uagb-svg-wrapper\"><svg xmlns=\"https:\/\/www.w3.org\/2000\/svg\" viewBox=\"0 0 384 512\"><path d=\"M384 334.2c0 17.67-14.33 32-32 32h-32v81.78c0 17.67-14.33 32-32 32s-32-14.33-32-32v-81.78H32c-10.97 0-21.17-5.625-27.05-14.89c-5.859-9.266-6.562-20.89-1.875-30.81l128-270.2C138.6 34.33 157.8 27.56 173.7 35.09c15.97 7.562 22.78 26.66 15.22 42.63L82.56 302.2H256V160c0-17.67 14.33-32 32-32s32 14.33 32 32v142.2h32C369.7 302.2 384 316.6 384 334.2z\"><\/path><\/svg><\/span><\/div>\n<\/div>\n\n\n\n<div class=\"wp-block-uagb-container uagb-block-13f141c5\">\n<p><strong>Theoriepr\u00fcfung ablegen:<\/strong><br>Melde dich beim Strassenverkehrsamt f\u00fcr die Theoriepr\u00fcfung an.<\/p>\n<\/div>\n\n\n\n<div class=\"wp-block-uagb-container uagb-block-c49d0bcd\">\n<div class=\"wp-block-buttons is-layout-flex wp-block-buttons-is-layout-flex\">\n<div class=\"wp-block-button has-custom-width wp-block-button__width-100\"><a class=\"wp-block-button__link wp-element-button\" href=\"https:\/\/www.svsa.sid.be.ch\/de\/start\/lernfahrer\/lernfahrausweis\/theoriepruefung-anmelden.html\" target=\"_blank\" rel=\"noreferrer noopener\">online zur Theorie anmelden<\/a><\/div>\n<\/div>\n<\/div>\n<\/div><\/div>\n\n\n\n<div class=\"wp-block-uagb-container uagb-block-1bbb9dd4 alignfull uagb-is-root-container\"><div class=\"uagb-container-inner-blocks-wrap\">\n<div class=\"wp-block-uagb-container uagb-block-234c1e1c\">\n<div class=\"wp-block-uagb-icon uagb-block-5ef7c4e2 uagb-icon-wrapper\"><span class=\"uagb-svg-wrapper\"><svg xmlns=\"https:\/\/www.w3.org\/2000\/svg\" viewBox=\"0 0 320 512\"><path d=\"M320 344.6c0 74.66-60.73 135.4-135.4 135.4H104.7c-46.81 0-88.22-29.83-103-74.23c-5.594-16.77 3.469-34.89 20.23-40.48c16.83-5.625 34.91 3.469 40.48 20.23c6.078 18.23 23.08 30.48 42.3 30.48h79.95c39.36 0 71.39-32.03 71.39-71.39s-32.03-71.38-71.39-71.38H32c-9.484 0-18.47-4.203-24.56-11.48C1.359 254.5-1.172 244.9 .5156 235.6l32-177.2C35.27 43.09 48.52 32.01 64 32.01l192 .0049c17.67 0 32 14.33 32 32s-14.33 32-32 32H90.73L70.3 209.2h114.3C259.3 209.2 320 269.1 320 344.6z\"><\/path><\/svg><\/span><\/div>\n<\/div>\n\n\n\n<div class=\"wp-block-uagb-container uagb-block-53d3cefe\">\n<p><strong>Lernfahrausweis erhalten<\/strong><br>Wenn du die Theoriepr\u00fcfung bestanden hast, bekommst du den Lernfahrausweis, welcher 2 Jahre g\u00fcltig ist.<\/p>\n<\/div>\n\n\n\n<div class=\"wp-block-uagb-container uagb-block-a27f61b5\"><\/div>\n<\/div><\/div>\n\n\n\n<div class=\"wp-block-uagb-container uagb-block-923751e2 alignfull uagb-is-root-container\"><div class=\"uagb-container-inner-blocks-wrap\">\n<div class=\"wp-block-uagb-container uagb-block-15c7fa1b\">\n<div class=\"wp-block-uagb-icon uagb-block-21f10bcd uagb-icon-wrapper\"><span class=\"uagb-svg-wrapper\"><svg xmlns=\"https:\/\/www.w3.org\/2000\/svg\" viewBox=\"0 0 320 512\"><path d=\"M167.7 160.8l64.65-76.06c11.47-13.45 9.812-33.66-3.656-45.09C222.7 34.51 215.3 32.01 208 32.01c-9.062 0-18.06 3.833-24.38 11.29C38.07 214.5 0 245.5 0 320c0 88.22 71.78 160 160 160s160-71.78 160-160C320 234.4 252.3 164.9 167.7 160.8zM160 416c-52.94 0-96-43.06-96-96s43.06-95.1 96-95.1s96 43.06 96 95.1S212.9 416 160 416z\"><\/path><\/svg><\/span><\/div>\n<\/div>\n\n\n\n<div class=\"wp-block-uagb-container uagb-block-b2ab0374\">\n<p><strong>Fahrstunden buchen<\/strong><br>Um den heutigen Anforderungen des Strassenverkehres gerecht zu werden, empfiehlt es sich, durch einen professionellen Fahrlehrer\/in begleitet zu werden.<\/p>\n<\/div>\n\n\n\n<div class=\"wp-block-uagb-container uagb-block-a573c1c8\">\n<p class=\"has-text-align-center\">Fahrstunden buchen: <strong>078 896 19 68<\/strong><\/p>\n<\/div>\n<\/div><\/div>\n\n\n\n<div class=\"wp-block-uagb-container uagb-block-e3e358e7 alignfull uagb-is-root-container\"><div class=\"uagb-container-inner-blocks-wrap\">\n<div class=\"wp-block-uagb-container uagb-block-eabd0c63\">\n<div class=\"wp-block-uagb-icon uagb-block-2fefc0ed uagb-icon-wrapper\"><span class=\"uagb-svg-wrapper\"><svg xmlns=\"https:\/\/www.w3.org\/2000\/svg\" viewBox=\"0 0 320 512\"><path d=\"M315.6 80.14l-224 384c-5.953 10.19-16.66 15.88-27.67 15.88c-5.469 0-11.02-1.406-16.09-4.359c-15.27-8.906-20.42-28.5-11.52-43.77l195.9-335.9H32c-17.67 0-32-14.33-32-32s14.33-32 32-32h256c11.45 0 22.05 6.125 27.75 16.06S321.4 70.23 315.6 80.14z\"><\/path><\/svg><\/span><\/div>\n<\/div>\n\n\n\n<div class=\"wp-block-uagb-container uagb-block-600b6d12\">\n<p><strong>Verkehrskundenunterricht absolvieren<\/strong><br>Den Verkehrskundenunterricht (VKU) kannst du bei deinem Fahrlehrer besuchen, er dauert 4 Abende \u00e0 2 Std. oder 2 Abende \u00e0 4 Std.<\/p>\n<\/div>\n\n\n\n<div class=\"wp-block-uagb-container uagb-block-48e4b5dd\">\n<div class=\"wp-block-buttons is-layout-flex wp-block-buttons-is-layout-flex\">\n<div class=\"wp-block-button has-custom-width wp-block-button__width-100\"><a class=\"wp-block-button__link wp-element-button\" href=\"https:\/\/fahrschule-jolanda.ch\/index.php\/vku-daten\/\">VKU Kurs buchen<\/a><\/div>\n<\/div>\n<\/div>\n<\/div><\/div>\n\n\n\n<div class=\"wp-block-uagb-container uagb-block-fb715a35 alignfull uagb-is-root-container\"><div class=\"uagb-container-inner-blocks-wrap\">\n<div class=\"wp-block-uagb-container uagb-block-db298bb8\">\n<div class=\"wp-block-uagb-icon uagb-block-3dae2cb3 uagb-icon-wrapper\"><span class=\"uagb-svg-wrapper\"><svg xmlns=\"https:\/\/www.w3.org\/2000\/svg\" viewBox=\"0 0 320 512\"><path d=\"M267.5 249.2C290 226.1 304 194.7 304 160c0-70.58-57.42-128-128-128h-32c-70.58 0-128 57.42-128 128c0 34.7 13.99 66.12 36.48 89.19C20.83 272.5 0 309.8 0 352c0 70.58 57.42 128 128 128h64c70.58 0 128-57.42 128-128C320 309.8 299.2 272.5 267.5 249.2zM144 96.01h32c35.3 0 64 28.7 64 64s-28.7 64-64 64h-32c-35.3 0-64-28.7-64-64S108.7 96.01 144 96.01zM192 416H128c-35.3 0-64-28.7-64-64s28.7-64 64-64h64c35.3 0 64 28.7 64 64S227.3 416 192 416z\"><\/path><\/svg><\/span><\/div>\n<\/div>\n\n\n\n<div class=\"wp-block-uagb-container uagb-block-dd9e7882\">\n<p><strong>Praktische Pr\u00fcfung ablegen<\/strong><br>Absolviere die praktische Fahrpr\u00fcfung beim Strassenverkehrsamt wo du idealerweise durch deinen Fahrlehrer\/in angemeldet wirst.<\/p>\n<\/div>\n\n\n\n<div class=\"wp-block-uagb-container uagb-block-2a66240a\"><\/div>\n<\/div><\/div>\n\n\n\n<div class=\"wp-block-uagb-container uagb-block-33330490 alignfull uagb-is-root-container\"><div class=\"uagb-container-inner-blocks-wrap\">\n<div class=\"wp-block-uagb-container uagb-block-fd050887\">\n<div class=\"wp-block-uagb-icon uagb-block-b53fa6d7 uagb-icon-wrapper\"><span class=\"uagb-svg-wrapper\"><svg xmlns=\"https:\/\/www.w3.org\/2000\/svg\" viewBox=\"0 0 320 512\"><path d=\"M160 32.01c-88.22 0-160 71.78-160 160c0 85.57 67.71 155.1 152.3 159.2l-64.65 76.06c-11.47 13.45-9.812 33.66 3.656 45.09c6 5.125 13.38 7.62 20.72 7.62c9.062 0 18.06-3.823 24.38-11.28C281.9 297.5 320 266.6 320 192C320 103.8 248.2 32.01 160 32.01zM160 288c-52.94 0-96-43.06-96-95.1s43.06-96 96-96s96 43.06 96 96S212.9 288 160 288z\"><\/path><\/svg><\/span><\/div>\n<\/div>\n\n\n\n<div class=\"wp-block-uagb-container uagb-block-0958a39a\">\n<p class=\"has-medium-font-size\"><strong>WAB-Kurs innert 12 Monaten besuchen <\/strong><br>1 Tag = 7 Stunden<br>(WAB = Obligatorischer Weiterbildungskurs f\u00fcr Neulenker)<\/p>\n<\/div>\n\n\n\n<div class=\"wp-block-uagb-container uagb-block-faeea43a\"><\/div>\n<\/div><\/div>\n\n\n\n<p><\/p>\n","protected":false},"excerpt":{"rendered":"<p>Der Weg zum F\u00fchrerschein Nothilfekurs buchenDer Nothilfekurs dauert 10 Lektionen. Der Nothilfeausweis ist 6 Jahre g\u00fcltig. Lernfahrausweis beantragen:Beantrage beim Strassenverkehrsamt den Lernfahrausweis Kategorie B Sehtest:Mit dem Beantragungsformular zum Optiker um den Sehtest einzutragen, wenn du den Sehtest schon gemacht hast, den Ausdruck dazu legen und mit einschicken. Theoriepr\u00fcfung ablegen:Melde dich beim Strassenverkehrsamt f\u00fcr die Theoriepr\u00fcfung &hellip;<\/p>\n<p class=\"read-more\"> <a class=\"\" href=\"https:\/\/fahrschule-jolanda.ch\/index.php\/der-weg-zum-fuehrerschein\/\"> <span class=\"screen-reader-text\">Der Weg zum F\u00fchrerschein<\/span> Weiterlesen &raquo;<\/a><\/p>\n","protected":false},"author":1,"featured_media":0,"parent":0,"menu_order":0,"comment_status":"closed","ping_status":"closed","template":"","meta":{"_uag_custom_page_level_css":"","site-sidebar-layout":"default","site-content-layout":"default","ast-global-header-display":"","ast-banner-title-visibility":"","ast-main-header-display":"","ast-hfb-above-header-display":"","ast-hfb-below-header-display":"","ast-hfb-mobile-header-display":"","site-post-title":"disabled","ast-breadcrumbs-content":"","ast-featured-img":"","footer-sml-layout":"","theme-transparent-header-meta":"","adv-header-id-meta":"","stick-header-meta":"","header-above-stick-meta":"","header-main-stick-meta":"","header-below-stick-meta":"","footnotes":""},"class_list":["post-144","page","type-page","status-publish","hentry"],"yoast_head":"<!-- This site is optimized with the Yoast SEO plugin v20.11 - https:\/\/yoast.com\/wordpress\/plugins\/seo\/ -->\n<title>Der Weg zum F\u00fchrerschein -<\/title>\n<meta name=\"description\" content=\"Fahrschule Kategorie B, VKU Kurse, Nothelferkurse, Nothilfekurse, Langenthal und Umgebung\" \/>\n<meta name=\"robots\" content=\"index, follow, max-snippet:-1, max-image-preview:large, max-video-preview:-1\" \/>\n<link rel=\"canonical\" href=\"https:\/\/fahrschule-jolanda.ch\/index.php\/der-weg-zum-fuehrerschein\/\" \/>\n<meta property=\"og:locale\" content=\"de_DE\" \/>\n<meta property=\"og:type\" content=\"article\" \/>\n<meta property=\"og:title\" content=\"Der Weg zum F\u00fchrerschein -\" \/>\n<meta property=\"og:description\" content=\"Fahrschule Kategorie B, VKU Kurse, Nothelferkurse, Nothilfekurse, Langenthal und Umgebung\" \/>\n<meta property=\"og:url\" content=\"https:\/\/fahrschule-jolanda.ch\/index.php\/der-weg-zum-fuehrerschein\/\" \/>\n<meta property=\"article:publisher\" content=\"https:\/\/www.facebook.com\/profile.php?id=100069170550453\" \/>\n<meta property=\"article:modified_time\" content=\"2023-08-16T12:49:44+00:00\" \/>\n<meta name=\"twitter:card\" content=\"summary_large_image\" \/>\n<meta name=\"twitter:label1\" content=\"Gesch\u00e4tzte Lesezeit\" \/>\n\t<meta name=\"twitter:data1\" content=\"1\u00a0Minute\" \/>\n<script type=\"application\/ld+json\" class=\"yoast-schema-graph\">{\"@context\":\"https:\/\/schema.org\",\"@graph\":[{\"@type\":\"WebPage\",\"@id\":\"https:\/\/fahrschule-jolanda.ch\/index.php\/der-weg-zum-fuehrerschein\/\",\"url\":\"https:\/\/fahrschule-jolanda.ch\/index.php\/der-weg-zum-fuehrerschein\/\",\"name\":\"Der Weg zum F\u00fchrerschein -\",\"isPartOf\":{\"@id\":\"https:\/\/fahrschule-jolanda.ch\/#website\"},\"datePublished\":\"2023-07-26T09:44:13+00:00\",\"dateModified\":\"2023-08-16T12:49:44+00:00\",\"description\":\"Fahrschule Kategorie B, VKU Kurse, Nothelferkurse, Nothilfekurse, Langenthal und Umgebung\",\"breadcrumb\":{\"@id\":\"https:\/\/fahrschule-jolanda.ch\/index.php\/der-weg-zum-fuehrerschein\/#breadcrumb\"},\"inLanguage\":\"de-CH\",\"potentialAction\":[{\"@type\":\"ReadAction\",\"target\":[\"https:\/\/fahrschule-jolanda.ch\/index.php\/der-weg-zum-fuehrerschein\/\"]}]},{\"@type\":\"BreadcrumbList\",\"@id\":\"https:\/\/fahrschule-jolanda.ch\/index.php\/der-weg-zum-fuehrerschein\/#breadcrumb\",\"itemListElement\":[{\"@type\":\"ListItem\",\"position\":1,\"name\":\"Startseite\",\"item\":\"https:\/\/fahrschule-jolanda.ch\/\"},{\"@type\":\"ListItem\",\"position\":2,\"name\":\"Der Weg zum F\u00fchrerschein\"}]},{\"@type\":\"WebSite\",\"@id\":\"https:\/\/fahrschule-jolanda.ch\/#website\",\"url\":\"https:\/\/fahrschule-jolanda.ch\/\",\"name\":\"fahrschule-jolanda.ch\",\"description\":\"I ha Geduld und du hesch Zyt, so bisch gli pr\u00fc\u00e4figsfit.\",\"publisher\":{\"@id\":\"https:\/\/fahrschule-jolanda.ch\/#organization\"},\"alternateName\":\"Fahrschule Jolanda R\u00e4z\",\"potentialAction\":[{\"@type\":\"SearchAction\",\"target\":{\"@type\":\"EntryPoint\",\"urlTemplate\":\"https:\/\/fahrschule-jolanda.ch\/?s={search_term_string}\"},\"query-input\":\"required name=search_term_string\"}],\"inLanguage\":\"de-CH\"},{\"@type\":\"Organization\",\"@id\":\"https:\/\/fahrschule-jolanda.ch\/#organization\",\"name\":\"Fahrschule Jolanda R\u00e4z\",\"url\":\"https:\/\/fahrschule-jolanda.ch\/\",\"logo\":{\"@type\":\"ImageObject\",\"inLanguage\":\"de-CH\",\"@id\":\"https:\/\/fahrschule-jolanda.ch\/#\/schema\/logo\/image\/\",\"url\":\"https:\/\/fahrschule-jolanda.ch\/wp-content\/uploads\/2023\/07\/Logo_weiss.png\",\"contentUrl\":\"https:\/\/fahrschule-jolanda.ch\/wp-content\/uploads\/2023\/07\/Logo_weiss.png\",\"width\":2122,\"height\":1210,\"caption\":\"Fahrschule Jolanda R\u00e4z\"},\"image\":{\"@id\":\"https:\/\/fahrschule-jolanda.ch\/#\/schema\/logo\/image\/\"},\"sameAs\":[\"https:\/\/www.facebook.com\/profile.php?id=100069170550453\"]}]}<\/script>\n<!-- \/ Yoast SEO plugin. -->","yoast_head_json":{"title":"Der Weg zum F\u00fchrerschein -","description":"Fahrschule Kategorie B, VKU Kurse, Nothelferkurse, Nothilfekurse, Langenthal und Umgebung","robots":{"index":"index","follow":"follow","max-snippet":"max-snippet:-1","max-image-preview":"max-image-preview:large","max-video-preview":"max-video-preview:-1"},"canonical":"https:\/\/fahrschule-jolanda.ch\/index.php\/der-weg-zum-fuehrerschein\/","og_locale":"de_DE","og_type":"article","og_title":"Der Weg zum F\u00fchrerschein -","og_description":"Fahrschule Kategorie B, VKU Kurse, Nothelferkurse, Nothilfekurse, Langenthal und Umgebung","og_url":"https:\/\/fahrschule-jolanda.ch\/index.php\/der-weg-zum-fuehrerschein\/","article_publisher":"https:\/\/www.facebook.com\/profile.php?id=100069170550453","article_modified_time":"2023-08-16T12:49:44+00:00","twitter_card":"summary_large_image","twitter_misc":{"Gesch\u00e4tzte Lesezeit":"1\u00a0Minute"},"schema":{"@context":"https:\/\/schema.org","@graph":[{"@type":"WebPage","@id":"https:\/\/fahrschule-jolanda.ch\/index.php\/der-weg-zum-fuehrerschein\/","url":"https:\/\/fahrschule-jolanda.ch\/index.php\/der-weg-zum-fuehrerschein\/","name":"Der Weg zum F\u00fchrerschein -","isPartOf":{"@id":"https:\/\/fahrschule-jolanda.ch\/#website"},"datePublished":"2023-07-26T09:44:13+00:00","dateModified":"2023-08-16T12:49:44+00:00","description":"Fahrschule Kategorie B, VKU Kurse, Nothelferkurse, Nothilfekurse, Langenthal und Umgebung","breadcrumb":{"@id":"https:\/\/fahrschule-jolanda.ch\/index.php\/der-weg-zum-fuehrerschein\/#breadcrumb"},"inLanguage":"de-CH","potentialAction":[{"@type":"ReadAction","target":["https:\/\/fahrschule-jolanda.ch\/index.php\/der-weg-zum-fuehrerschein\/"]}]},{"@type":"BreadcrumbList","@id":"https:\/\/fahrschule-jolanda.ch\/index.php\/der-weg-zum-fuehrerschein\/#breadcrumb","itemListElement":[{"@type":"ListItem","position":1,"name":"Startseite","item":"https:\/\/fahrschule-jolanda.ch\/"},{"@type":"ListItem","position":2,"name":"Der Weg zum F\u00fchrerschein"}]},{"@type":"WebSite","@id":"https:\/\/fahrschule-jolanda.ch\/#website","url":"https:\/\/fahrschule-jolanda.ch\/","name":"fahrschule-jolanda.ch","description":"I ha Geduld und du hesch Zyt, so bisch gli pr\u00fc\u00e4figsfit.","publisher":{"@id":"https:\/\/fahrschule-jolanda.ch\/#organization"},"alternateName":"Fahrschule Jolanda R\u00e4z","potentialAction":[{"@type":"SearchAction","target":{"@type":"EntryPoint","urlTemplate":"https:\/\/fahrschule-jolanda.ch\/?s={search_term_string}"},"query-input":"required name=search_term_string"}],"inLanguage":"de-CH"},{"@type":"Organization","@id":"https:\/\/fahrschule-jolanda.ch\/#organization","name":"Fahrschule Jolanda R\u00e4z","url":"https:\/\/fahrschule-jolanda.ch\/","logo":{"@type":"ImageObject","inLanguage":"de-CH","@id":"https:\/\/fahrschule-jolanda.ch\/#\/schema\/logo\/image\/","url":"https:\/\/fahrschule-jolanda.ch\/wp-content\/uploads\/2023\/07\/Logo_weiss.png","contentUrl":"https:\/\/fahrschule-jolanda.ch\/wp-content\/uploads\/2023\/07\/Logo_weiss.png","width":2122,"height":1210,"caption":"Fahrschule Jolanda R\u00e4z"},"image":{"@id":"https:\/\/fahrschule-jolanda.ch\/#\/schema\/logo\/image\/"},"sameAs":["https:\/\/www.facebook.com\/profile.php?id=100069170550453"]}]}},"uagb_featured_image_src":{"full":false,"thumbnail":false,"medium":false,"medium_large":false,"large":false,"1536x1536":false,"2048x2048":false},"uagb_author_info":{"display_name":"admin","author_link":"https:\/\/fahrschule-jolanda.ch\/index.php\/author\/fahrschule_jolanda\/"},"uagb_comment_info":0,"uagb_excerpt":"Der Weg zum F\u00fchrerschein Nothilfekurs buchenDer Nothilfekurs dauert 10 Lektionen. Der Nothilfeausweis ist 6 Jahre g\u00fcltig. Lernfahrausweis beantragen:Beantrage beim Strassenverkehrsamt den Lernfahrausweis Kategorie B Sehtest:Mit dem Beantragungsformular zum Optiker um den Sehtest einzutragen, wenn du den Sehtest schon gemacht hast, den Ausdruck dazu legen und mit einschicken. Theoriepr\u00fcfung ablegen:Melde dich beim Strassenverkehrsamt f\u00fcr die Theoriepr\u00fcfung&hellip;","_links":{"self":[{"href":"https:\/\/fahrschule-jolanda.ch\/index.php\/wp-json\/wp\/v2\/pages\/144","targetHints":{"allow":["GET"]}}],"collection":[{"href":"https:\/\/fahrschule-jolanda.ch\/index.php\/wp-json\/wp\/v2\/pages"}],"about":[{"href":"https:\/\/fahrschule-jolanda.ch\/index.php\/wp-json\/wp\/v2\/types\/page"}],"author":[{"embeddable":true,"href":"https:\/\/fahrschule-jolanda.ch\/index.php\/wp-json\/wp\/v2\/users\/1"}],"replies":[{"embeddable":true,"href":"https:\/\/fahrschule-jolanda.ch\/index.php\/wp-json\/wp\/v2\/comments?post=144"}],"version-history":[{"count":8,"href":"https:\/\/fahrschule-jolanda.ch\/index.php\/wp-json\/wp\/v2\/pages\/144\/revisions"}],"predecessor-version":[{"id":333,"href":"https:\/\/fahrschule-jolanda.ch\/index.php\/wp-json\/wp\/v2\/pages\/144\/revisions\/333"}],"wp:attachment":[{"href":"https:\/\/fahrschule-jolanda.ch\/index.php\/wp-json\/wp\/v2\/media?parent=144"}],"curies":[{"name":"wp","href":"https:\/\/api.w.org\/{rel}","templated":true}]}}